{"id":515,"date":"2023-10-03T08:59:05","date_gmt":"2023-10-03T06:59:05","guid":{"rendered":"http:\/\/stephanemanou.de\/stephane-manou\/?page_id=515"},"modified":"2023-10-03T10:00:39","modified_gmt":"2023-10-03T08:00:39","slug":"aktuelle-veranstaltungen","status":"publish","type":"page","link":"https:\/\/stephanemanou.de\/stephane-manou\/aktuelle-veranstaltungen\/","title":{"rendered":"Aktuelle Veranstaltungen"},"content":{"rendered":"\n<h2 class=\"wp-block-heading\">Aktuelle Veranstaltungen<\/h2>\n\n\n\n<ul class=\"wp-block-list\">\n<li>Ich freue mich, dabei zu sein: <br><br><strong>HOLSTENART 2024 &#8211; KUNSTMESSE IM NORDEN<br>20.04.2024 &#8211;&nbsp;21.04.2024<\/strong><br><strong><a href=\"https:\/\/www.messen.de\/de\/58\/messeort\/holstenhalle-neumuenster\/messen\">Holstenhalle Neum\u00fcnster<\/a><\/strong><br>Justus-von-Liebig-Stra\u00dfe 2 -4<br>24534&nbsp;Neum\u00fcnster<br><a href=\"https:\/\/www.messen.de\/de\/22103\/neumuenster\/holstenart\/info\" target=\"_blank\" rel=\"noopener\">https:\/\/www.messen.de\/de\/22103\/neumuenster\/holstenart\/info<\/a><\/li>\n<\/ul>\n\n\n\n<figure class=\"wp-block-image size-full is-resized\"><img loading=\"lazy\" decoding=\"async\" src=\"http:\/\/stephanemanou.de\/wp-content\/uploads\/2023\/10\/HolstenArt.jpg\" alt=\"\" class=\"wp-image-522\" style=\"width:621px;height:319px\" width=\"621\" height=\"319\" srcset=\"https:\/\/stephanemanou.de\/wp-content\/uploads\/2023\/10\/HolstenArt.jpg 354w, https:\/\/stephanemanou.de\/wp-content\/uploads\/2023\/10\/HolstenArt-300x154.jpg 300w\" sizes=\"auto, (max-width: 621px) 100vw, 621px\" \/><\/figure>\n\n\n\n<ul class=\"wp-block-list\">\n<li>2021 &#8211; 2023: <strong>Umzug von Koblenz nach Schnellbach im Hunsr\u00fcck &#8211; Bau einer eigenen Werkstatt<\/strong>&#8230;<\/li>\n<\/ul>\n\n\n\n<figure class=\"wp-block-image size-large\"><img loading=\"lazy\" decoding=\"async\" width=\"1024\" height=\"768\" src=\"http:\/\/stephanemanou.de\/wp-content\/uploads\/2023\/10\/IMG_2898-1024x768.jpg\" alt=\"\" class=\"wp-image-524\" srcset=\"https:\/\/stephanemanou.de\/wp-content\/uploads\/2023\/10\/IMG_2898-1024x768.jpg 1024w, https:\/\/stephanemanou.de\/wp-content\/uploads\/2023\/10\/IMG_2898-300x225.jpg 300w, https:\/\/stephanemanou.de\/wp-content\/uploads\/2023\/10\/IMG_2898-768x576.jpg 768w, https:\/\/stephanemanou.de\/wp-content\/uploads\/2023\/10\/IMG_2898-1536x1152.jpg 1536w, https:\/\/stephanemanou.de\/wp-content\/uploads\/2023\/10\/IMG_2898-2048x1536.jpg 2048w, https:\/\/stephanemanou.de\/wp-content\/uploads\/2023\/10\/IMG_2898-1568x1176.jpg 1568w\" sizes=\"auto, (max-width: 1024px) 100vw, 1024px\" \/><\/figure>\n\n\n\n<a href=\"http:\/\/StephaneManou.de\" style=\"vertical-align:middle\"><img decoding=\"async\" src=\"http:\/\/stephanemanou.de\/wp-content\/uploads\/2023\/09\/icon.jpg\" width=\"157\"\/>&nbsp;Zur\u00fcck zur Startseite<\/a>\n\n\n\n<h2 class=\"wp-block-heading\">Fr\u00fchere Veranstaltungen<\/h2>\n\n\n\n<ul class=\"wp-block-list\">\n<li>September 2023: <strong>Artcon<\/strong> &#8211; Kunst zum Anfassen in <strong>Dichtelbach <\/strong>Hunsr\u00fcck (https:\/\/dichtelbach.de\/2023\/09\/27\/nachlese-artcon-kunst-zum-anfassen\/)<\/li>\n\n\n\n<li>Juni 2022:  <strong>Lebenskunst Markt <a href=\"https:\/\/www.remagen.de\/Tourismus-Veranstaltungen\/Veranstaltungen\/Open-Air-Veranstaltungen\/LebensKunstMarkt\/\">\u2013 <\/a> in Remagen <\/strong>(https:\/\/www.remagen.de\/Tourismus-Veranstaltungen\/Veranstaltungen\/Open-Air-Veranstaltungen\/LebensKunstMarkt\/)<\/li>\n\n\n\n<li>2021: <strong>Austellungen in Polch annuliert &#8211; Corona<\/strong><\/li>\n\n\n\n<li>November 2019: <strong>Einzel Austellung &#8211; <strong>&#8222;Vue sur l\u00b4int\u00e9rieur &#8211; Innensichten&#8220;<\/strong><\/strong> &#8211; <strong>in Selters <\/strong><br>(https:\/\/www.ww-kurier.de\/artikel\/84304&#8211;innensichten&#8212;ausstellung-mit-eindringlichen-portraets-von-stephane-manou)<\/li>\n\n\n\n<li>Oktober 2019: Austellung <strong>Van Gogh Art Gallery in Madrid <\/strong>(https:\/\/www.vangoghartgallery.es\/)<\/li>\n\n\n\n<li>September 2019: <strong>SIAF Salzburg<\/strong> International Art Fair (https:\/\/www.siaf.at\/aussteller-2019\/)<\/li>\n\n\n\n<li>Juni 2019:  <strong>Lebenskunst Markt <\/strong><a href=\"https:\/\/www.remagen.de\/Tourismus-Veranstaltungen\/Veranstaltungen\/Open-Air-Veranstaltungen\/LebensKunstMarkt\/\">\u2013 <\/a> in <strong>Remagen <\/strong>(https:\/\/www.remagen.de\/Tourismus-Veranstaltungen\/Veranstaltungen\/Open-Air-Veranstaltungen\/LebensKunstMarkt\/)<\/li>\n\n\n\n<li>Februar 2019: <strong>Einzel Ausstellung<\/strong> &#8211; <strong>&#8222;Vue sur l\u00b4int\u00e9rieur &#8211; Innensichten&#8220;<\/strong> &#8211; ISSO Zentrum in <strong>Koblenz<\/strong><\/li>\n\n\n\n<li>September 2018: <strong>Einzel Austellung<\/strong> &#8211; <strong>\u00c0 la recherche de l\u00b4invisible &#8211; Unsichtbare Sehnsucht<\/strong> &#8211; JUKZ in <strong>Lahnstein <\/strong>(<a href=\"https:\/\/www.lahnstein.de\/aktuelles\/pressemeldungen\/detailansicht\/?tx_ttnews%5BbackPid%5D=114&amp;tx_ttnews%5Btt_news%5D=2365&amp;cHash=4c43d57daffae9e4bfad815ecdd102e4\" target=\"_blank\" rel=\"noopener\">JUKZ Artikel<\/a>)<\/li>\n\n\n\n<li>Juni 2018:  <strong>Lebenskunst Markt<\/strong> <a href=\"https:\/\/www.remagen.de\/Tourismus-Veranstaltungen\/Veranstaltungen\/Open-Air-Veranstaltungen\/LebensKunstMarkt\/\">\u2013 <\/a> in <strong>Remagen <\/strong>(https:\/\/www.remagen.de\/Tourismus-Veranstaltungen\/Veranstaltungen\/Open-Air-Veranstaltungen\/LebensKunstMarkt\/)<\/li>\n\n\n\n<li>Mai 2018: <strong>Einzel Austellung<\/strong> Foyer des Gemeinschaftsklinikum Mittelrhein, in <strong>Boppard<\/strong><\/li>\n\n\n\n<li>Oktober 2017: \u201e<strong>ART AHR<\/strong>\u201c in Sinzig (<a href=\"https:\/\/www.blick-aktuell.de\/Berichte\/Gut-gemacht-ART-AHR-288950.html\">https:\/\/www.blick-aktuell.de\/Berichte\/Gut-gemacht-ART-AHR-288950.html<\/a>)<\/li>\n\n\n\n<li>Juni 2017:  <strong>Lebenskunst Markt<\/strong> <a href=\"https:\/\/www.remagen.de\/Tourismus-Veranstaltungen\/Veranstaltungen\/Open-Air-Veranstaltungen\/LebensKunstMarkt\/\">\u2013 <\/a> in <strong>Remagen <\/strong>(https:\/\/www.remagen.de\/Tourismus-Veranstaltungen\/Veranstaltungen\/Open-Air-Veranstaltungen\/LebensKunstMarkt\/)<\/li>\n<\/ul>\n\n\n\n<a href=\"http:\/\/StephaneManou.de\" style=\"vertical-align:middle\"><img decoding=\"async\" src=\"http:\/\/stephanemanou.de\/wp-content\/uploads\/2023\/09\/icon.jpg\" width=\"157\"\/>&nbsp;Zur\u00fcck zur Startseite<\/a>\n","protected":false},"excerpt":{"rendered":"<p>Aktuelle Veranstaltungen &nbsp;Zur\u00fcck zur Startseite Fr\u00fchere Veranstaltungen &nbsp;Zur\u00fcck zur Startseite<\/p>\n","protected":false},"author":1,"featured_media":0,"parent":0,"menu_order":0,"comment_status":"closed","ping_status":"closed","template":"","meta":{"footnotes":""},"class_list":["post-515","page","type-page","status-publish","hentry","entry"],"_links":{"self":[{"href":"https:\/\/stephanemanou.de\/stephane-manou\/wp-json\/wp\/v2\/pages\/515","targetHints":{"allow":["GET"]}}],"collection":[{"href":"https:\/\/stephanemanou.de\/stephane-manou\/wp-json\/wp\/v2\/pages"}],"about":[{"href":"https:\/\/stephanemanou.de\/stephane-manou\/wp-json\/wp\/v2\/types\/page"}],"author":[{"embeddable":true,"href":"https:\/\/stephanemanou.de\/stephane-manou\/wp-json\/wp\/v2\/users\/1"}],"replies":[{"embeddable":true,"href":"https:\/\/stephanemanou.de\/stephane-manou\/wp-json\/wp\/v2\/comments?post=515"}],"version-history":[{"count":8,"href":"https:\/\/stephanemanou.de\/stephane-manou\/wp-json\/wp\/v2\/pages\/515\/revisions"}],"predecessor-version":[{"id":536,"href":"https:\/\/stephanemanou.de\/stephane-manou\/wp-json\/wp\/v2\/pages\/515\/revisions\/536"}],"wp:attachment":[{"href":"https:\/\/stephanemanou.de\/stephane-manou\/wp-json\/wp\/v2\/media?parent=515"}],"curies":[{"name":"wp","href":"https:\/\/api.w.org\/{rel}","templated":true}]}}