{"id":17,"date":"2023-09-29T18:37:28","date_gmt":"2023-09-29T16:37:28","guid":{"rendered":"http:\/\/stephanemanou.de\/?page_id=17"},"modified":"2025-10-23T14:27:01","modified_gmt":"2025-10-23T12:27:01","slug":"stephane-manou","status":"publish","type":"page","link":"https:\/\/stephanemanou.de\/stephane-manou\/","title":{"rendered":"Stephane Manou"},"content":{"rendered":"\n\n\t<h1>STEPHANE MANOU<\/h1>\n<h5>K\u00fcnstler<\/h5>\n<a href=\"http:\/\/stephanemanou.de\/stephane-manou\/fr\">Fr<\/a> | <a href=\"http:\/\/stephanemanou.de\/stephane-manou\">De<\/a>\n<img decoding=\"async\" src=\"http:\/\/stephanemanou.de\/wp-content\/uploads\/2023\/09\/LOGO_MANOU.jpg\" width=\"100%\" \/><br \/>\n<video id=\"myvideo\" autoplay=\"autoplay\" loop=\"loop\" muted=\"\" width=\"100%\" height=\"100%\"><source src=\"http:\/\/stephanemanou.de\/wp-content\/uploads\/2023\/09\/prime.mp4?_=1\" type=\"video\/mp4\" \/><\/video>\n<a href=\"#paint\">Malerei<\/a><a href=\"#news\">Aktuelles<\/a><a target=\"_blank\" rel=\"noopener\" href=\"#Preiskatalog\">Preiskatalog<\/a><a href=\"http:\/\/stephanemanou.de\/stephane-manou\/austellungen\/\" target=\"_blank\" rel=\"noopener\">Artikel in der Presse<\/a><a href=\"#vita\">Vita<\/a><a href=\"#contact\">Kontakt<\/a>\n<p>&nbsp;<\/p>\n<blockquote><p>Malen ist ein Prozess, in dem ich in einer fast automatischen, vom Bild absorbierten Bewegung eine neue Wirklichkeit erfinde, in der es keinen Schmerz, keine M\u00fcdigkeit, kein Du und kein Ich gibt.<\/p>\n<p><cite>St\u00e9phane<\/cite><\/p><\/blockquote>\n<p>&nbsp;<\/p>\n<blockquote><p>Kunst hei\u00dft, nicht wissen, da\u00df die Welt schon ist, und eine machen.<\/p>\n<p><cite id=\"paint\">Rainer Maria Rilke (1875 &#8211; 1926)<\/cite><\/p><\/blockquote>\n<p>&nbsp;<\/p>\n\n\t\t\t\t<img decoding=\"async\" src=\"https:\/\/stephanemanou.de\/wp-content\/uploads\/2025\/10\/buch-scaled.jpeg\" alt=\"buch\" itemprop=\"image\" height=\"1695\" width=\"2560\" title=\"buch\" onerror=\"this.style.display='none'\" loading=\"lazy\" \/>\n\t\t\t\t<img decoding=\"async\" src=\"https:\/\/stephanemanou.de\/wp-content\/uploads\/2025\/10\/enfantroi-scaled.jpeg\" alt=\"enfantroi\" itemprop=\"image\" height=\"2560\" width=\"1838\" title=\"enfantroi\" onerror=\"this.style.display='none'\" loading=\"lazy\" \/>\n\t\t\t\t<img decoding=\"async\" src=\"https:\/\/stephanemanou.de\/wp-content\/uploads\/2025\/03\/IMG_3537-scaled.jpg\" alt=\"IMG_3537\" itemprop=\"image\" height=\"2560\" width=\"1920\" title=\"IMG_3537\" onerror=\"this.style.display='none'\" loading=\"lazy\" \/>\n\t\t\t\t<img decoding=\"async\" src=\"https:\/\/stephanemanou.de\/wp-content\/uploads\/2025\/03\/IMG_3565-scaled.jpg\" alt=\"IMG_3565\" itemprop=\"image\" height=\"1640\" width=\"2560\" title=\"IMG_3565\" onerror=\"this.style.display='none'\" loading=\"lazy\" \/>\n\t\t\t\t<img decoding=\"async\" src=\"https:\/\/stephanemanou.de\/wp-content\/uploads\/2025\/03\/IMG_3566-scaled.jpg\" alt=\"IMG_3566\" itemprop=\"image\" height=\"1920\" width=\"2560\" title=\"IMG_3566\" onerror=\"this.style.display='none'\" loading=\"lazy\" \/>\n\t\t\t\t<img decoding=\"async\" src=\"https:\/\/stephanemanou.de\/wp-content\/uploads\/2025\/03\/IMG_3575-scaled.jpg\" alt=\"IMG_3575\" itemprop=\"image\" height=\"2560\" width=\"1920\" title=\"IMG_3575\" onerror=\"this.style.display='none'\" loading=\"lazy\" \/>\n\t\t\t\t<img decoding=\"async\" src=\"https:\/\/stephanemanou.de\/wp-content\/uploads\/2025\/10\/IMG_7292-scaled.jpg\" alt=\"IMG_7292\" itemprop=\"image\" height=\"2560\" width=\"1425\" title=\"IMG_7292\" onerror=\"this.style.display='none'\" loading=\"lazy\" \/>\n\t\t\t\t<img decoding=\"async\" src=\"http:\/\/stephanemanou.de\/wp-content\/uploads\/2023\/09\/IMG_6668.jpg\" alt=\"IMG_6668\" itemprop=\"image\" title=\"IMG_6668\" onerror=\"this.style.display='none'\" loading=\"lazy\" \/>\n\t\t\t\t<img decoding=\"async\" src=\"https:\/\/stephanemanou.de\/wp-content\/plugins\/beaver-builder-lite-version\/img\/pixel.png\" alt=\"\" itemprop=\"image\" onerror=\"this.style.display='none'\" loading=\"lazy\" \/>\n\t\t\t\t<img decoding=\"async\" src=\"http:\/\/stephanemanou.de\/wp-content\/uploads\/2024\/04\/22-Sacre-Printemps-scaled.jpg\" alt=\"OLYMPUS DIGITAL CAMERA\" itemprop=\"image\" title=\"OLYMPUS DIGITAL CAMERA\" onerror=\"this.style.display='none'\" loading=\"lazy\" \/>\n\t\t\t\t<img decoding=\"async\" src=\"http:\/\/stephanemanou.de\/wp-content\/uploads\/2024\/04\/7-Eve-Relegion-scaled.jpg\" alt=\"OLYMPUS DIGITAL CAMERA\" itemprop=\"image\" title=\"OLYMPUS DIGITAL CAMERA\" onerror=\"this.style.display='none'\" loading=\"lazy\" \/>\n\t\t\t\t<img decoding=\"async\" src=\"http:\/\/stephanemanou.de\/wp-content\/uploads\/2024\/04\/7-Eve-Relegion_Detail_2-scaled.jpg\" alt=\"\u00e0\u00f1\u00d33@\u00d4^\u00f4\u00d6\u00b7\u00af\u00b3\u00dd&amp;amp;\u0096zC_,#\u00f1,_j\u00c8\u00e1F\u008cO\u00c7\u00f4\u00c7\u00d7X^\u00c5\u00f0r&#039;\u00fe\u00ae#\u0084(\u0092\" itemprop=\"image\" title=\"OLYMPUS DIGITAL CAMERA\" onerror=\"this.style.display='none'\" loading=\"lazy\" \/>\n\t\t\t\t<img decoding=\"async\" src=\"http:\/\/stephanemanou.de\/wp-content\/uploads\/2024\/04\/7-Eve-Relegion_Detail_1-scaled.jpg\" alt=\"\u00903\u00ebZT\u0090\u00c4\u0089?\u00ab\u008d^3\u00929\u00e4ti\u00a3\u0084\u00ac\u0083\u00b3\u00b5\u0083\u00f6\u008e\u00ed\u00f6\u0082{H \u00ec\u00e3\u00c9\u00f9\u00f5gq|\u00b9\u00b2\u0098|\u0099\u00b6\u0091@\u00c9BJ\u00f1\u0085a\u00db#J\u00ba\u00d1\" itemprop=\"image\" title=\"OLYMPUS DIGITAL CAMERA\" onerror=\"this.style.display='none'\" loading=\"lazy\" \/>\n\t\t\t\t<img decoding=\"async\" src=\"http:\/\/stephanemanou.de\/wp-content\/uploads\/2024\/04\/17-Le-printemps_Detail-3-scaled.jpg\" alt=\"\u00d6\u009513\u00f6\u00e8.\u00fd\tr\u00a7\u00a1\u00a1\u00dc?\u0097\u00d3\u00f5\u00fb\u00f1]F\u00e5^\u00d2\n\u00d9\u00be\u00e0\u00f6\u00bf\u00a7\u00db\u00f7\u00e6\u00f9\u00eaZ\" itemprop=\"image\" title=\"OLYMPUS DIGITAL CAMERA\" onerror=\"this.style.display='none'\" loading=\"lazy\" \/>\n\t\t\t\t<img decoding=\"async\" src=\"http:\/\/stephanemanou.de\/wp-content\/uploads\/2023\/09\/IMG_6211-rotated.jpg\" alt=\"IMG_6211\" itemprop=\"image\" title=\"IMG_6211\" onerror=\"this.style.display='none'\" loading=\"lazy\" \/>\n\t\t\t\t<img decoding=\"async\" src=\"https:\/\/stephanemanou.de\/wp-content\/plugins\/beaver-builder-lite-version\/img\/pixel.png\" alt=\"\" itemprop=\"image\" onerror=\"this.style.display='none'\" loading=\"lazy\" \/>\n\t\t\t\t<img decoding=\"async\" src=\"http:\/\/stephanemanou.de\/wp-content\/uploads\/2024\/04\/1-Adolescence-scaled.jpg\" alt=\"Ap\u00e6Hs\n6\u00d5\u009b\u00beM4\u0090\u0096 \u008b\u009c\u009cX\u00cf\u00be\u00b5,\u00e6&quot;\u00eaSV\u00a5v\u00dc\u00de\u00e0\u008d\u00b7\u00aa\u00e8w\u00e9u\u00c6H$-\u0090\" itemprop=\"image\" title=\"OLYMPUS DIGITAL CAMERA\" onerror=\"this.style.display='none'\" loading=\"lazy\" \/>\n\t\t\t\t<img decoding=\"async\" src=\"http:\/\/stephanemanou.de\/wp-content\/uploads\/2024\/04\/1-Adolescence_Detail_3-scaled.jpg\" alt=\"6\u0080\u00a8\" itemprop=\"image\" title=\"OLYMPUS DIGITAL CAMERA\" onerror=\"this.style.display='none'\" loading=\"lazy\" \/>\n\t\t\t\t<img decoding=\"async\" src=\"https:\/\/stephanemanou.de\/wp-content\/uploads\/2025\/10\/spannung-scaled.jpeg\" alt=\"spannung\" itemprop=\"image\" height=\"2560\" width=\"1970\" title=\"spannung\" onerror=\"this.style.display='none'\" loading=\"lazy\" \/>\n\t\t\t\t<img decoding=\"async\" src=\"https:\/\/stephanemanou.de\/wp-content\/plugins\/beaver-builder-lite-version\/img\/pixel.png\" alt=\"\" itemprop=\"image\" onerror=\"this.style.display='none'\" loading=\"lazy\" \/>\n\t\t\t\t<img decoding=\"async\" src=\"http:\/\/stephanemanou.de\/wp-content\/uploads\/2023\/09\/IMG_1921.jpg\" alt=\"IMG_1921\" itemprop=\"image\" title=\"IMG_1921\" onerror=\"this.style.display='none'\" loading=\"lazy\" \/>\n\t<a href=\"https:\/\/www.instagram.com\/manou.stephane\" target=\"_blank\"><img decoding=\"async\" src=\"http:\/\/stephanemanou.de\/wp-content\/uploads\/2024\/03\/Download-150x150.jpg\"\/>&nbsp;&nbsp;Mehr auf instagram sehen<\/a>\n<br \/>\n<br \/>\n\t<a id=\"Preiskatalog\" href=\"Preiskatalog\"><\/a>\n\t<a href=\"https:\/\/stephanemanou.de\/wp-content\/uploads\/2025\/10\/CAR-Preiskatalog-2025-2-1.pdf\" download=\"StephaneManou_Katalog.pdf\"><b>Preiskatalog als PDF herunterladen<\/b><\/a><br \/><br \/>\n<a href=\"https:\/\/stephanemanou.de\/wp-content\/uploads\/2025\/04\/PreiskatalogHolstenArtKlein.pdf\" target=\"_blank\"><b>Preiskatalog als PDF \u00f6ffnen<\/b><\/a>\nIch freue mich auf deine Fragen, Ideen und Feedback, also z\u00f6gere nicht&#8230;\nAuch Auftragsarbeiten wie Portr\u00e4ts oder eigene Ideen nehme ich gern\nentgegen. Nat\u00fcrlich mit einer gewissen k\u00fcnstlerischen Freiheit.\n\t<iframe loading=\"lazy\" id=\"Preiskatalog\" src=\"http:\/\/docs.google.com\/gview?url=https:\/\/stephanemanou.de\/wp-content\/uploads\/2025\/04\/PreiskatalogHolstenArtKlein.pdf&#038;embedded=true\" width=\"105%\" height=\"700px\">\n<\/iframe>\n<!--  <object type=\"application\/pdf\" data=\"https:\/\/stephanemanou.de\/wp-content\/uploads\/2025\/03\/Preiskatalog_Kirchberg.pdf\"><\/object>\n<embed src=\"https:\/\/stephanemanou.de\/wp-content\/uploads\/2025\/03\/Preiskatalog_Kirchberg.pdf\" width=\"90%\" height=\"700px\"\/>\n-->\n<h2>\n\t\t\tAktuelle Veranstaltungen\t<\/h2>\n\t\t\t\t<img decoding=\"async\" src=\"https:\/\/stephanemanou.de\/wp-content\/uploads\/2025\/03\/Entwurf-Titelseite-Mitteilungsblatt.png\" alt=\"Entwurf Titelseite Mitteilungsblatt\" itemprop=\"image\" height=\"1080\" width=\"1080\" title=\"Entwurf Titelseite Mitteilungsblatt\" onerror=\"this.style.display='none'\" loading=\"lazy\" \/>\n\t\t\t\t<img decoding=\"async\" src=\"https:\/\/stephanemanou.de\/wp-content\/uploads\/2024\/10\/Einladung_Eva-mit-Logo_web.jpg\" alt=\"Einladung_Eva mit Logo_web\" itemprop=\"image\" height=\"778\" width=\"886\" title=\"Einladung_Eva mit Logo_web\" onerror=\"this.style.display='none'\" loading=\"lazy\" \/>\n\t\t\t\t<img decoding=\"async\" src=\"https:\/\/stephanemanou.de\/wp-content\/uploads\/2024\/10\/logo.png\" alt=\"logo\" itemprop=\"image\" height=\"2245\" width=\"1587\" title=\"logo\" onerror=\"this.style.display='none'\" loading=\"lazy\" \/>\n\t\t\t\t<img decoding=\"async\" src=\"https:\/\/stephanemanou.de\/wp-content\/plugins\/beaver-builder-lite-version\/img\/pixel.png\" alt=\"\" itemprop=\"image\" onerror=\"this.style.display='none'\" loading=\"lazy\" \/>\n\t<li>Ich freue mich, dabei zu sein: <br \/><br \/><strong>HOLSTENART 2024 &#8211; KUNSTMESSE IM NORDEN<br \/>20.04.2024 &#8211;&nbsp;21.04.2024<\/strong><br \/><strong><a href=\"https:\/\/www.messen.de\/de\/58\/messeort\/holstenhalle-neumuenster\/messen\">Holstenhalle Neum\u00fcnster<\/a><\/strong><br \/>Justus-von-Liebig-Stra\u00dfe 2 -4<br \/>24534&nbsp;Neum\u00fcnster<br \/><a href=\"https:\/\/www.messen.de\/de\/22103\/neumuenster\/holstenart\/info\" target=\"_blank\" rel=\"noopener\">info Link Holstenart<\/a><\/li>\n<figure><img loading=\"lazy\" decoding=\"async\" src=\"http:\/\/stephanemanou.de\/wp-content\/uploads\/2023\/10\/HolstenArt.jpg\" alt=\"\" width=\"621\" height=\"319\"\/><\/figure> <br \/><br \/>\n<li>2021 &#8211; 2023: <strong>Umzug von Koblenz nach Schnellbach im Hunsr\u00fcck &#8211; Bau eines eigenen Ateliers mit Schaufl\u00e4che<\/strong>&#8230;<\/li>\n<figure><img decoding=\"async\" src=\"http:\/\/stephanemanou.de\/wp-content\/uploads\/2024\/04\/IMG_9702-scaled.jpg\" alt=\"\"\/><\/figure>\n\t<a href=\"http:\/\/stephanemanou.de\/stephane-manou\/aktuelle-veranstaltungen\/\" target=\"_blank\" rel=\"noopener\">Liste aller Veranstaltungen<\/a>\n<br \/>\n<a href=\"http:\/\/stephanemanou.de\/stephane-manou\/2024\/03\/24\/laudatio-zur-eroeffnung-des-ateliers\/\" target=\"_blank\" rel=\"noopener\">Laudatio zur er\u00f6ffnung des Atelier<\/a>\n&nbsp;\n<!-- \n<p><a href=\"img_5terre.jpg\" target=\"_blank\" rel=\"noopener\"><br \/><img loading=\"lazy\" decoding=\"async\" src=\"IMG_7190.jpg\" alt=\"Cinque Terre\" width=\"600\" height=\"400\" data-enlargable=\"\" \/><br \/><\/a><\/p>\nAdd a description of the image here\n<p><a href=\"img_forest.jpg\" target=\"_blank\" rel=\"noopener\"><br \/><img loading=\"lazy\" decoding=\"async\" src=\"IMG_5472.jpg\" alt=\"Forest\" width=\"600\" height=\"400\" \/><br \/><\/a><\/p>\nAdd a description of the image here\n<p><a href=\"img_lights.jpg\" target=\"_blank\" rel=\"noopener\"><br \/><img loading=\"lazy\" decoding=\"async\" src=\"IMG_5662.jpg\" alt=\"Northern Lights\" width=\"600\" height=\"400\" \/><br \/><\/a><\/p>\nAdd a description of the image here\n<p><a href=\"img_mountains.jpg\" target=\"_blank\" rel=\"noopener\"><br \/><img loading=\"lazy\" decoding=\"async\" src=\"IMG_6680.jpg\" alt=\"Mountains\" width=\"600\" height=\"400\" \/><br \/><\/a><\/p>\nAdd a description of the image here\n<p><a href=\"img_5terre.jpg\" target=\"_blank\" rel=\"noopener\"><br \/><img loading=\"lazy\" decoding=\"async\" src=\"IMG_1921.jpg\" alt=\"Cinque Terre\" width=\"600\" height=\"400\" \/><br \/><\/a><\/p>\nAdd a description of the image here\n<p><a href=\"img_mountains.jpg\" target=\"_blank\" rel=\"noopener\"><br \/><img loading=\"lazy\" decoding=\"async\" src=\"IMG_6678.jpg\" alt=\"Mountains\" width=\"600\" height=\"400\" \/><br \/><\/a><\/p>\nAdd a description of the image here\n-->\n&nbsp;\n<p>&nbsp;<\/p>\nVITA\n<p>&nbsp;<\/p>\nSt&eacute;phane Manou, Jahrgang 1975, geboren in Douai (Frankreich), lebt und arbeitet heute in Schnellbach im Hunsr&uuml;ck.<br \/>Schon fr&uuml;h entdeckte er seine Leidenschaft f&uuml;r die Kunst.<br \/>Eine Anstellung bei der Firma Ebinger-Schnass-Keramik, die in Zusammenarbeit mit dem K&uuml;nstler Friedensreich Hundertwasser einzigartige H&auml;user baute, sowie Seminare an der Europ&auml;ischen Kunstakademie in Trier und verschiedene Ausstellungen in Deutschland, Frankreich und &Ouml;sterreich erweiterten sein malerisches Werk und seine k&uuml;nstlerischen Ausdrucksm&ouml;glichkeiten.Zentrales Motiv seines Oeuvres ist neben abstrakten Arbeiten vor allem der Mensch. Nicht zuletzt begegnen sich hier Figuration und Abstraktion und verbinden sich zu neuen k&uuml;nstlerischen Ausdrucksformen.\n<p>&nbsp;<\/p>\n<p>&nbsp;<\/p>\nAlle Werke stehen zum Verkauf&#8230; Rufen Sie mich an oder schreiben Sie mir.\n<p>&nbsp;<\/p>\n<img decoding=\"async\" src=\"http:\/\/stephanemanou.de\/wp-content\/uploads\/2023\/09\/LOGO_MANOU.jpg\" width=\"70%\" \/>\nSt&eacute;phane Manou<br \/>Am Schnellbach 4,<br \/>56290 Beltheim-Schnellbach<br \/><br \/>0049 151 2239 1107<br \/>stephane.manou@gmail.com\n<br \/> #manou.stephane<br \/> <a href=\"https:\/\/www.instagram.com\/manou.stephane\/#\" target=\"_blank\"><img decoding=\"async\" src=\"http:\/\/stephanemanou.de\/wp-content\/uploads\/2024\/03\/Download-150x150.jpg\" width=\"50px\"\/>&nbsp;&nbsp;Instagram manou.stephane<\/a>\n<br \/> <a href=\"https:\/\/www.facebook.com\/profile.php?id=100064396435863&#038;locale=de_DE\" target=\"_blank\"><img decoding=\"async\" src=\"http:\/\/stephanemanou.de\/wp-content\/uploads\/2024\/03\/images-150x150.png\" width=\"50px\"\/>&nbsp;&nbsp;Facebook manou stephane<\/a>\n<br \/> Website: www.StephaneManou.de\n\n&nbsp;\n\t\t\t\t<img decoding=\"async\" src=\"http:\/\/stephanemanou.de\/wp-content\/uploads\/2023\/10\/DSC07346-scaled.jpg\" alt=\"DSC07346\" itemprop=\"image\" title=\"DSC07346\" onerror=\"this.style.display='none'\" loading=\"lazy\" \/>\n\t<a href=\"https:\/\/www.youtube.com\/@magicmelina7670\" target=\"_blank\">Video Realisation von Melina Michel &#8211; Magic_melina<\/a> \n\t\t<meta itemprop=\"url\" content=\"http:\/\/stephanemanou.de\/wp-content\/uploads\/2023\/10\/vlc-record-2023-10-01-12h50m07s-Traummalerei.mp4-.mp4\" \/><div style=\"width: 620px;\" class=\"wp-video\"><video class=\"wp-video-shortcode\" id=\"video-17-1\" width=\"620\" height=\"349\" poster=\"http:\/\/stephanemanou.de\/wp-content\/uploads\/2023\/10\/traummalerei.jpg\" preload=\"none\" controls=\"controls\"><source type=\"video\/mp4\" src=\"http:\/\/stephanemanou.de\/wp-content\/uploads\/2023\/10\/vlc-record-2023-10-01-12h50m07s-Traummalerei.mp4-.mp4?_=1\" \/><source type=\"video\/mp4\" src=\"http:\/\/stephanemanou.de\/wp-content\/uploads\/2023\/10\/vlc-record-2023-10-01-12h50m07s-Traummalerei.mp4-.mp4?_=1\" \/><a href=\"http:\/\/stephanemanou.de\/wp-content\/uploads\/2023\/10\/vlc-record-2023-10-01-12h50m07s-Traummalerei.mp4-.mp4\">http:\/\/stephanemanou.de\/wp-content\/uploads\/2023\/10\/vlc-record-2023-10-01-12h50m07s-Traummalerei.mp4-.mp4<\/a><\/video><\/div>\t\n\t\t<meta itemprop=\"url\" content=\"http:\/\/stephanemanou.de\/wp-content\/uploads\/2023\/10\/vlc-record-2023-10-01-12h59m45s-Traummalerei.mp4-.mp4\" \/><div style=\"width: 620px;\" class=\"wp-video\"><video class=\"wp-video-shortcode\" id=\"video-17-2\" width=\"620\" height=\"349\" poster=\"http:\/\/stephanemanou.de\/wp-content\/uploads\/2023\/10\/Taummalerei2.jpg\" preload=\"none\" controls=\"controls\"><source type=\"video\/mp4\" src=\"http:\/\/stephanemanou.de\/wp-content\/uploads\/2023\/10\/vlc-record-2023-10-01-12h59m45s-Traummalerei.mp4-.mp4?_=2\" \/><source type=\"video\/mp4\" src=\"http:\/\/stephanemanou.de\/wp-content\/uploads\/2023\/10\/vlc-record-2023-10-01-12h59m45s-Traummalerei.mp4-.mp4?_=2\" \/><a href=\"http:\/\/stephanemanou.de\/wp-content\/uploads\/2023\/10\/vlc-record-2023-10-01-12h59m45s-Traummalerei.mp4-.mp4\">http:\/\/stephanemanou.de\/wp-content\/uploads\/2023\/10\/vlc-record-2023-10-01-12h59m45s-Traummalerei.mp4-.mp4<\/a><\/video><\/div>\t\n\n","protected":false},"excerpt":{"rendered":"<p>STEPHANE MANOU K\u00fcnstler Fr | De MalereiAktuellesPreiskatalogArtikel in der PresseVitaKontakt &nbsp; Malen ist ein Prozess, in dem ich in einer fast automatischen, vom Bild absorbierten Bewegung eine neue Wirklichkeit erfinde, in der es keinen Schmerz, keine M\u00fcdigkeit, kein Du und kein Ich gibt. St\u00e9phane &nbsp; Kunst hei\u00dft, nicht wissen, da\u00df die Welt schon ist, und<a class=\"more-link\" href=\"https:\/\/stephanemanou.de\/stephane-manou\/\"><span class=\"screen-reader-text\">&#8222;Stephane Manou&#8220;<\/span> weiterlesen<\/a><\/p>\n","protected":false},"author":1,"featured_media":0,"parent":0,"menu_order":0,"comment_status":"closed","ping_status":"closed","template":"","meta":{"footnotes":""},"class_list":["post-17","page","type-page","status-publish","hentry","entry"],"_links":{"self":[{"href":"https:\/\/stephanemanou.de\/stephane-manou\/wp-json\/wp\/v2\/pages\/17","targetHints":{"allow":["GET"]}}],"collection":[{"href":"https:\/\/stephanemanou.de\/stephane-manou\/wp-json\/wp\/v2\/pages"}],"about":[{"href":"https:\/\/stephanemanou.de\/stephane-manou\/wp-json\/wp\/v2\/types\/page"}],"author":[{"embeddable":true,"href":"https:\/\/stephanemanou.de\/stephane-manou\/wp-json\/wp\/v2\/users\/1"}],"replies":[{"embeddable":true,"href":"https:\/\/stephanemanou.de\/stephane-manou\/wp-json\/wp\/v2\/comments?post=17"}],"version-history":[{"count":96,"href":"https:\/\/stephanemanou.de\/stephane-manou\/wp-json\/wp\/v2\/pages\/17\/revisions"}],"predecessor-version":[{"id":831,"href":"https:\/\/stephanemanou.de\/stephane-manou\/wp-json\/wp\/v2\/pages\/17\/revisions\/831"}],"wp:attachment":[{"href":"https:\/\/stephanemanou.de\/stephane-manou\/wp-json\/wp\/v2\/media?parent=17"}],"curies":[{"name":"wp","href":"https:\/\/api.w.org\/{rel}","templated":true}]}}